{"id":17,"date":"2020-02-05T07:21:18","date_gmt":"2020-02-05T07:21:18","guid":{"rendered":"https:\/\/www.teatriaab.com\/wp_site\/?page_id=17"},"modified":"2020-11-09T14:37:21","modified_gmt":"2020-11-09T14:37:21","slug":"about","status":"publish","type":"page","link":"https:\/\/teatriaab.com\/en\/about\/","title":{"rendered":"P\u00ebr ne"},"content":{"rendered":"<p>Teatri AAB \u201cFaruk Begolli\u201d \u00ebsht\u00eb themeluar n\u00eb vitin 2015, si teat\u00ebr i pavarur. \u0401sht\u00eb nj\u00eb teat\u00ebr me t\u00eb gjitha komoditetet, i rrall\u00eb dhe i ve\u00e7ant\u00eb p\u00ebr hap\u00ebsir\u00ebn kosovare, i cili funksionon n\u00eb kuad\u00ebr t\u00eb kampusit universitar t\u00eb Kolegjit AAB, n\u00eb qytetin e Prishtin\u00ebs, Kosov\u00eb.<\/p>\n\n\n\n<br>\n\n\n\n<p>Teatri mban emrin e aktorit emblematik Faruk Begulli, nd\u00ebrsa \u00ebsht\u00eb inauguruar m\u00eb 31.03.2015 me shfaqjen \u201cJam talent\u2026\u201c me regji t\u00eb Luan Dak\u00ebs. Shum\u00eb artist\u00eb dhe artdash\u00ebs e kan\u00eb mir\u00ebpritur hapjen e k\u00ebtij teatri dhe vazhdojn\u00eb ta p\u00ebrkrahin maksimalisht.<\/p>\n\n\n\n<p><\/p>","protected":false},"excerpt":{"rendered":"<p>Teatri AAB \u201cFaruk Begolli\u201d \u00ebsht\u00eb themeluar n\u00eb vitin 2015, si teat\u00ebr i pavarur. \u0401sht\u00eb nj\u00eb teat\u00ebr me t\u00eb gjitha komoditetet, i rrall\u00eb dhe i ve\u00e7ant\u00eb p\u00ebr hap\u00ebsir\u00ebn kosovare, i cili funksionon n\u00eb kuad\u00ebr t\u00eb kampusit universitar t\u00eb Kolegjit AAB, n\u00eb qytetin e Prishtin\u00ebs, Kosov\u00eb. Teatri mban emrin e aktorit emblematik Faruk Begulli, nd\u00ebrsa \u00ebsht\u00eb inauguruar [&hellip;]<\/p>","protected":false},"author":1,"featured_media":0,"parent":0,"menu_order":0,"comment_status":"closed","ping_status":"closed","template":"about.php","meta":{"footnotes":""},"class_list":["post-17","page","type-page","status-publish","hentry"],"_links":{"self":[{"href":"https:\/\/teatriaab.com\/en\/wp-json\/wp\/v2\/pages\/17","targetHints":{"allow":["GET"]}}],"collection":[{"href":"https:\/\/teatriaab.com\/en\/wp-json\/wp\/v2\/pages"}],"about":[{"href":"https:\/\/teatriaab.com\/en\/wp-json\/wp\/v2\/types\/page"}],"author":[{"embeddable":true,"href":"https:\/\/teatriaab.com\/en\/wp-json\/wp\/v2\/users\/1"}],"replies":[{"embeddable":true,"href":"https:\/\/teatriaab.com\/en\/wp-json\/wp\/v2\/comments?post=17"}],"version-history":[{"count":7,"href":"https:\/\/teatriaab.com\/en\/wp-json\/wp\/v2\/pages\/17\/revisions"}],"predecessor-version":[{"id":115,"href":"https:\/\/teatriaab.com\/en\/wp-json\/wp\/v2\/pages\/17\/revisions\/115"}],"wp:attachment":[{"href":"https:\/\/teatriaab.com\/en\/wp-json\/wp\/v2\/media?parent=17"}],"curies":[{"name":"wp","href":"https:\/\/api.w.org\/{rel}","templated":true}]}}